{"id":210,"date":"2025-03-28T10:00:02","date_gmt":"2025-03-28T09:00:02","guid":{"rendered":"http:\/\/demo.curlythemes.com\/art-gallery-wp\/?page_id=2"},"modified":"2025-09-02T15:14:31","modified_gmt":"2025-09-02T13:14:31","slug":"home","status":"publish","type":"page","link":"https:\/\/www.percorsinellevallidelbenvivere.it\/en\/","title":{"rendered":"Home"},"content":{"rendered":"<div class=\"wpb-content-wrapper\"><div data-vc-full-width=\"true\" data-vc-full-width-init=\"false\" data-stellar-offset-parent=\"true\"  class=\"vc_row wpb_row vc_row-fluid content-padding vc_custom_1747755450114 vc_row-has-fill vc_column-gap-35 vc_row-o-content-middle vc_row-flex\"><div  class=\"wpb_column vc_column_container vc_col-sm-12\"><div class=\"vc_column-inner\" style=\"\" ><div class=\"wpb_wrapper\"><div class=\"vc_empty_space\"   style=\"height: 50px\"><span class=\"vc_empty_space_inner\"><\/span><\/div><\/div><\/div><\/div><div  class=\"wpb_column vc_column_container vc_col-sm-12\"><div class=\"vc_column-inner\" style=\"\" ><div class=\"wpb_wrapper\"><div class=\"vc_row wpb_row vc_inner vc_row-fluid vc_column-gap-35 vc_row-o-content-middle vc_row-flex\"><div class=\"wpb_column vc_column_container vc_col-sm-1\"><div class=\"vc_column-inner\"><div class=\"wpb_wrapper\"><\/div><\/div><\/div><div class=\"wpb_column vc_column_container vc_col-sm-5\"><div class=\"vc_column-inner vc_custom_1740405550150\"><div class=\"wpb_wrapper\">\n\t<div class=\"wpb_single_image wpb_content_element vc_align_left  vc_custom_1756814609359  xtd-offset-frame\">\n\t\t\n\t\t<figure class=\"wpb_wrapper vc_figure\">\n\t\t\t<div class=\"vc_single_image-wrapper xtd-shadow--normal-light  vc_box_border_grey\"><img loading=\"lazy\" decoding=\"async\" width=\"1200\" height=\"1714\" src=\"https:\/\/www.percorsinellevallidelbenvivere.it\/wp-content\/uploads\/2025\/09\/img-il-progetto.jpg\" class=\"vc_single_image-img attachment-full\" alt=\"\" title=\"img-il-progetto\" \/><\/div>\n\t\t<\/figure>\n\t<\/div>\n<\/div><\/div><\/div><div class=\"wpb_column vc_column_container vc_col-sm-5\"><div class=\"vc_column-inner vc_custom_1740405542201\"><div class=\"wpb_wrapper\">\n\t<div class=\"wpb_text_column wpb_content_element vc_custom_1756808274315\" >\n\t\t<div class=\"wpb_wrapper\">\n\t\t\t<h2 class=\"display-2\"><small>ITINERARIES IN THE VALLEYS OF GOOD LIVING<\/small><\/h2>\n<h2 class=\"wcs-modal__title\">The Project<\/h2>\n<p>The well-being of a region is determined by a series of factors, of which per capita wealth, economic development, and employment opportunities are important but by no means exclusive. Indeed, when poorly managed, they can even be counterproductive. This is what emerges from the report on \"Well-being\" published by the newspaper Avvenire, which, in its latest edition, notes how the gap between North and South, specifically regarding \"well-being,\" is progressively narrowing, even highlighting a slight improvement in several provinces of Southern Italy, including Avellino. Demography and family, health, civic engagement, the environment, tourism and culture, personal services, legality and security, employment, economic inclusion, human capital, and hospitality are the indicators taken into account to determine the results of this analysis.<\/p>\n\n\t\t<\/div>\n\t<\/div>\n<div class=\"vc_btn3-container vc_btn3-left vc_custom_1747755568527 vc_do_btn\" ><a class=\"vc_general vc_btn3 vc_btn3-size-md vc_btn3-shape-rounded vc_btn3-style-btn-outline-primary vc_btn3-color-grey\" href=\"https:\/\/www.percorsinellevallidelbenvivere.it\/il-progetto\/\" title=\"The Project\">Read more<\/a><\/div><\/div><\/div><\/div><div class=\"wpb_column vc_column_container vc_col-sm-1\"><div class=\"vc_column-inner\"><div class=\"wpb_wrapper\"><\/div><\/div><\/div><\/div><div class=\"vc_empty_space\"   style=\"height: 50px\"><span class=\"vc_empty_space_inner\"><\/span><\/div><div class=\"vc_row wpb_row vc_inner vc_row-fluid vc_column-gap-35 vc_row-o-content-middle vc_row-flex\"><div class=\"wpb_column vc_column_container vc_col-sm-1\"><div class=\"vc_column-inner\"><div class=\"wpb_wrapper\"><\/div><\/div><\/div><div class=\"wpb_column vc_column_container vc_col-sm-10\"><div class=\"vc_column-inner\"><div class=\"wpb_wrapper\">\n\t<div class=\"wpb_text_column wpb_content_element vc_custom_1756817954908\" >\n\t\t<div class=\"wpb_wrapper\">\n\t\t\t<h2 class=\"display-2\" style=\"text-align: center;\"><small>ITINERARIES IN THE VALLEYS OF GOOD LIVING<\/small><\/h2>\n<h2 class=\"wcs-modal__title\" style=\"text-align: center;\">The Program<\/h2>\n\n\t\t<\/div>\n\t<\/div>\n<\/div><\/div><\/div><div class=\"wpb_column vc_column_container vc_col-sm-1\"><div class=\"vc_column-inner\"><div class=\"wpb_wrapper\"><\/div><\/div><\/div><\/div><div class=\"vc_empty_space\"   style=\"height: 50px\"><span class=\"vc_empty_space_inner\"><\/span><\/div>\n\t<div class=\"wpb_single_image wpb_content_element vc_align_center  vc_custom_1756817918522  xtd-offset-frame\">\n\t\t\n\t\t<figure class=\"wpb_wrapper vc_figure\">\n\t\t\t<div class=\"vc_single_image-wrapper xtd-shadow--normal-light  vc_box_border_grey\"><img loading=\"lazy\" decoding=\"async\" width=\"1600\" height=\"773\" src=\"https:\/\/www.percorsinellevallidelbenvivere.it\/wp-content\/uploads\/2025\/09\/img-il-programma.jpg\" class=\"vc_single_image-img attachment-full\" alt=\"\" title=\"img-il-programma\" \/><\/div>\n\t\t<\/figure>\n\t<\/div>\n<div class=\"vc_empty_space\"   style=\"height: 50px\"><span class=\"vc_empty_space_inner\"><\/span><\/div><div class=\"vc_btn3-container vc_btn3-center vc_custom_1756818049792 vc_do_btn\" ><a class=\"vc_general vc_btn3 vc_btn3-size-md vc_btn3-shape-rounded vc_btn3-style-btn-outline-primary vc_btn3-color-grey\" href=\"https:\/\/www.percorsinellevallidelbenvivere.it\/il-programma\/\" title=\"The Program\">Read more<\/a><\/div><div class=\"vc_empty_space\"   style=\"height: 50px\"><span class=\"vc_empty_space_inner\"><\/span><\/div><\/div><\/div><\/div><\/div><div class=\"vc_row-full-width vc_clearfix\"><\/div><div data-stellar-offset-parent=\"true\"  class=\"vc_row wpb_row vc_row-fluid content-padding-lg vc_custom_1741256885997\"><div  class=\"wpb_column vc_column_container vc_col-sm-12\"><div class=\"vc_column-inner\" style=\"\" ><div class=\"wpb_wrapper\">\n\t<div class=\"wpb_text_column wpb_content_element\" >\n\t\t<div class=\"wpb_wrapper\">\n\t\t\t<h1 style=\"text-align: center;\">Event Booking<\/h1>\n<h1 class=\"special-title display-2\" style=\"text-align: center;\"><\/h1>\n\n\t\t<\/div>\n\t<\/div>\n<div class=\"vc_empty_space  xtd-spacer\"   style=\"height: 2rem\"><span class=\"vc_empty_space_inner\"><\/span><\/div><div class=\"vc_row wpb_row vc_inner vc_row-fluid\"><div class=\"wpb_column vc_column_container vc_col-sm-2\"><div class=\"vc_column-inner\"><div class=\"wpb_wrapper\"><\/div><\/div><\/div><div class=\"wpb_column vc_column_container vc_col-sm-8\"><div class=\"vc_column-inner\"><div class=\"wpb_wrapper\">\n<div class=\"wpcf7 no-js\" id=\"wpcf7-f4716-o1\" lang=\"it-IT\" dir=\"ltr\" data-wpcf7-id=\"4716\">\n<div class=\"screen-reader-response\"><p role=\"status\" aria-live=\"polite\" aria-atomic=\"true\"><\/p> <ul><\/ul><\/div>\n<form action=\"\/en\/wp-json\/wp\/v2\/pages\/210#wpcf7-f4716-o1\" method=\"post\" class=\"wpcf7-form init\" aria-label=\"Modulo di contatto\" novalidate=\"novalidate\" data-status=\"init\" data-trp-original-action=\"\/en\/wp-json\/wp\/v2\/pages\/210#wpcf7-f4716-o1\">\n<fieldset class=\"hidden-fields-container\"><input type=\"hidden\" name=\"_wpcf7\" value=\"4716\" \/><input type=\"hidden\" name=\"_wpcf7_version\" value=\"6.1.1\" \/><input type=\"hidden\" name=\"_wpcf7_locale\" value=\"it_IT\" \/><input type=\"hidden\" name=\"_wpcf7_unit_tag\" value=\"wpcf7-f4716-o1\" \/><input type=\"hidden\" name=\"_wpcf7_container_post\" value=\"0\" \/><input type=\"hidden\" name=\"_wpcf7_posted_data_hash\" value=\"\" \/><input type=\"hidden\" name=\"_wpcf7_recaptcha_response\" value=\"\" \/>\n<\/fieldset>\n<p><label> Name and Surname<br \/>\n<span class=\"wpcf7-form-control-wrap\" data-name=\"your-name\"><input size=\"40\" maxlength=\"400\" class=\"wpcf7-form-control wpcf7-text wpcf7-validates-as-required\" autocomplete=\"name\" aria-required=\"true\" aria-invalid=\"false\" value=\"\" type=\"text\" name=\"your-name\" \/><\/span> <\/label>\n<\/p>\n<p><label> Telephone<br \/>\n<span class=\"wpcf7-form-control-wrap\" data-name=\"Telefono\"><input size=\"40\" maxlength=\"400\" class=\"wpcf7-form-control wpcf7-text wpcf7-validates-as-required\" autocomplete=\"Telefono\" aria-required=\"true\" aria-invalid=\"false\" value=\"\" type=\"text\" name=\"Telefono\" \/><\/span> <\/label>\n<\/p>\n<p><label> E-mail<br \/>\n<span class=\"wpcf7-form-control-wrap\" data-name=\"your-email\"><input size=\"40\" maxlength=\"400\" class=\"wpcf7-form-control wpcf7-email wpcf7-validates-as-required wpcf7-text wpcf7-validates-as-email\" autocomplete=\"email\" aria-required=\"true\" aria-invalid=\"false\" value=\"\" type=\"email\" name=\"your-email\" \/><\/span> <\/label>\n<\/p>\n<p>Event:<br \/>\n<span class=\"wpcf7-form-control-wrap\" data-name=\"select-21\"><select class=\"wpcf7-form-control wpcf7-select wpcf7-validates-as-required\" aria-required=\"true\" aria-invalid=\"false\" name=\"select-21\"><option value=\"&quot;SUGGESTIONI FRANCIGENE&quot; - Prima tappa Casalbore (AV) 8 - 9 - 10 dicembre 2023\">\"SUGGESTIONS OF THE FRANCIGENE\" - First stop Casalbore (AV) 8 - 9 - 10 December 2023<\/option><option value=\"Seconda tappa - Grottaminarda (AV) - &quot;CENTRO STORICO&quot; 13 dicembre 2023\">Second stage - Grottaminarda (AV) - \"HISTORICAL CENTER\" December 13, 2023<\/option><option value=\"Vallata (AV), Tensostruttura - 29 dicembre 2023 - ore 22:00 - Concerto con i &quot;Nostalgia 90&quot;\">Vallata (AV), Tensostruttura - 29 dicembre 2023 - ore 22:00 - Concerto con i &quot;Nostalgia 90&quot;<\/option><option value=\"Vallata (AV), Tensostruttura - 17 gennaio 2024 - ore 19:00\">Vallata (AV), Tensile Structure - January 17, 2024 - 7:00 PM<\/option><option value=\"Grottaminarda (AV) - Sala Consiliare Sandro Pertini - Gioved\u00ec 7 marzo 2024, ore 17:30 - Convegno SAN TOMMASO: STORIA E LEGGENDA\">Grottaminarda (AV) - Sandro Pertini Council Chamber - Thursday, March 7, 2024, 5:30 PM - Conference: SAN THOMAS: HISTORY AND LEGEND<\/option><option value=\"Piazza Mercato, San Sossio Baronia (AV) - 30 aprile 2024, ore 20:30 - Spettacolo Musicale\">Piazza Mercato, San Sossio Baronia (AV) - April 30, 2024, 8:30 PM - Musical Show<\/option><option value=\"Residenze Artistiche al Castello di Gesualdo - Gesualdo (AV) - 1 maggio 2024, ore 18:30 -  UNA GAGLIARDA IN JAZZ\">Artistic Residencies at Gesualdo Castle - Gesualdo (AV) - May 1, 2024, 6:30 PM - A GAGLIARDA IN JAZZ<\/option><option value=\"Castello di Gesualdo (AV) - 25 maggio 2024, Ore 10:00 - Conuegno &quot;Gesualdo Project&quot;\">Gesualdo Castle (AV) - May 25, 2024, 10:00 a.m. - \"Gesualdo Project\" Conference<\/option><option value=\"Castello di Gesualdo (AV) - 25 maggio 2024, Ore 21:00 - Marcello Prayer In Flagrante Delicto\">Gesualdo Castle (AV) - May 25, 2024, 9:00 PM - Marcello Prayer In Flagrante Delicto<\/option><option value=\"Manocalzati (AV) - 25 maggio 2024, Ore 17:00 - Castello di San Barbato - Incontro &quot;Il Miglior Giornalino Scolastico Carmine Scianguetta&quot;\">Manocalzati (AV) - May 25, 2024, 5:00 PM - San Barbato Castle - \"The Best School Newspaper: Carmine Scianguetta\" Meeting<\/option><option value=\"Manocalzati (AV) - 25 maggio 2024, Ore 21:30 - Piazza Sullo - Concerto con gli Zeketam a seguire Dj set con Doctor Uva Dj e Anthony C voice\">Manocalzati (AV) - May 25, 2024, 9:30 PM - Piazza Sullo - Concert with Zeketam followed by a DJ set with Doctor Uva DJ and Anthony C voice<\/option><option value=\"Manocalzati (AV) - 13 luglio 2024, Ore 21:30 - Piazza Sullo - Concerto con gli Zeketam a seguire Dj set con Doctor Uva Dj e Anthony C voice\">Manocalzati (AV) - July 13, 2024, 9:30 pm - Piazza Sullo - Concert with Zeketam followed by a DJ set with Doctor Uva DJ and Anthony C voice<\/option><\/select><\/span>\n<\/p>\n<p><label> Message (optional)<br \/>\n<span class=\"wpcf7-form-control-wrap\" data-name=\"your-message\"><textarea cols=\"40\" rows=\"10\" maxlength=\"2000\" class=\"wpcf7-form-control wpcf7-textarea\" aria-invalid=\"false\" name=\"your-message\"><\/textarea><\/span> <\/label>\n<\/p>\n<p><span class=\"wpcf7-form-control-wrap\" data-name=\"accettazione-gdpr\"><span class=\"wpcf7-form-control wpcf7-acceptance\"><span class=\"wpcf7-list-item\"><label><input type=\"checkbox\" name=\"accettazione-gdpr\" value=\"1\" aria-invalid=\"false\" \/><span class=\"wpcf7-list-item-label\">I read the<a href=\"https:\/\/www.percorsinellevallidelbenvivere.it\/privacy-policy\/\" rel=\"nofollow\" target=\"_blank\">Privacy Policy<\/a> and I consent to the processing of personal data pursuant to art. 13 GDPR 679\/2016 (the European General Data Protection Regulation) and Legislative Decree 101\/2018.<\/span><\/label><\/span><\/span><\/span><br \/>\n<br \/>\n<input class=\"wpcf7-form-control wpcf7-submit has-spinner\" type=\"submit\" value=\"Send\" \/>\n<\/p>\n<p>* This site is protected by reCAPTCHA and the <a href=\"https:\/\/policies.google.com\/privacy\" rel=\"nofollow\" target=\"_blank\">Privacy Policy<\/a> and <a href=\"https:\/\/policies.google.com\/terms\" rel=\"nofollow\" target=\"_blank\">Terms of Service<\/a> by Google.\n<\/p><div class=\"wpcf7-response-output\" aria-hidden=\"true\"><\/div>\n<input type=\"hidden\" name=\"trp-form-language\" value=\"en\"\/><\/form>\n<\/div>\n<\/div><\/div><\/div><div class=\"wpb_column vc_column_container vc_col-sm-2\"><div class=\"vc_column-inner\"><div class=\"wpb_wrapper\"><\/div><\/div><\/div><\/div><\/div><\/div><\/div><\/div>\n<\/div>","protected":false},"excerpt":{"rendered":"PERCORSI NELLE VALLI DEL BEN VIVERE Il Progetto Il ben vivere di un territorio \u00e8 determinato da una serie di fattori, dei quali la ricchezza pro-capite, lo sviluppo economico e le opportunit\u00e0 occupazionali sono una parte importante s\u00ec ma niente affatto esclusiva, che anzi, quando non ben governati, possono persino essere controproducenti. \u00c8 quanto emerge dal rapporto sul Ben Vivere [...]","protected":false},"author":1,"featured_media":0,"parent":0,"menu_order":1,"comment_status":"closed","ping_status":"closed","template":"","meta":{"footnotes":""},"class_list":["post-210","page","type-page","status-publish","hentry"],"yoast_head":"<!-- This site is optimized with the Yoast SEO plugin v25.9 - https:\/\/yoast.com\/wordpress\/plugins\/seo\/ -->\n<title>Percorsi nelle Valli del Ben Vivere - Installazione Artistica<\/title>\n<meta name=\"robots\" content=\"index, follow, max-snippet:-1, max-image-preview:large, max-video-preview:-1\" \/>\n<link rel=\"canonical\" href=\"https:\/\/www.percorsinellevallidelbenvivere.it\/en\/\" \/>\n<meta property=\"og:locale\" content=\"en_GB\" \/>\n<meta property=\"og:type\" content=\"article\" \/>\n<meta property=\"og:title\" content=\"Percorsi nelle Valli del Ben Vivere - Installazione Artistica\" \/>\n<meta property=\"og:url\" content=\"https:\/\/www.percorsinellevallidelbenvivere.it\/en\/\" \/>\n<meta property=\"og:site_name\" content=\"Percorsi nelle Valli del Ben Vivere\" \/>\n<meta property=\"article:modified_time\" content=\"2025-09-02T13:14:31+00:00\" \/>\n<meta name=\"twitter:card\" content=\"summary_large_image\" \/>\n<meta name=\"twitter:label1\" content=\"Estimated reading time\" \/>\n\t<meta name=\"twitter:data1\" content=\"2 minutes\" \/>\n<script type=\"application\/ld+json\" class=\"yoast-schema-graph\">{\"@context\":\"https:\/\/schema.org\",\"@graph\":[{\"@type\":\"WebPage\",\"@id\":\"https:\/\/www.percorsinellevallidelbenvivere.it\/\",\"url\":\"https:\/\/www.percorsinellevallidelbenvivere.it\/\",\"name\":\"Percorsi nelle Valli del Ben Vivere - Installazione Artistica\",\"isPartOf\":{\"@id\":\"https:\/\/www.percorsinellevallidelbenvivere.it\/#website\"},\"datePublished\":\"2025-03-28T09:00:02+00:00\",\"dateModified\":\"2025-09-02T13:14:31+00:00\",\"breadcrumb\":{\"@id\":\"https:\/\/www.percorsinellevallidelbenvivere.it\/#breadcrumb\"},\"inLanguage\":\"en-GB\",\"potentialAction\":[{\"@type\":\"ReadAction\",\"target\":[\"https:\/\/www.percorsinellevallidelbenvivere.it\/\"]}]},{\"@type\":\"BreadcrumbList\",\"@id\":\"https:\/\/www.percorsinellevallidelbenvivere.it\/#breadcrumb\",\"itemListElement\":[{\"@type\":\"ListItem\",\"position\":1,\"name\":\"Home\",\"item\":\"https:\/\/www.percorsinellevallidelbenvivere.it\/\"},{\"@type\":\"ListItem\",\"position\":2,\"name\":\"Home\"}]},{\"@type\":\"WebSite\",\"@id\":\"https:\/\/www.percorsinellevallidelbenvivere.it\/#website\",\"url\":\"https:\/\/www.percorsinellevallidelbenvivere.it\/\",\"name\":\"Gocce d'Acqua\",\"description\":\"\",\"publisher\":{\"@id\":\"https:\/\/www.percorsinellevallidelbenvivere.it\/#organization\"},\"potentialAction\":[{\"@type\":\"SearchAction\",\"target\":{\"@type\":\"EntryPoint\",\"urlTemplate\":\"https:\/\/www.percorsinellevallidelbenvivere.it\/?s={search_term_string}\"},\"query-input\":{\"@type\":\"PropertyValueSpecification\",\"valueRequired\":true,\"valueName\":\"search_term_string\"}}],\"inLanguage\":\"en-GB\"},{\"@type\":\"Organization\",\"@id\":\"https:\/\/www.percorsinellevallidelbenvivere.it\/#organization\",\"name\":\"Gocce d'Acqua\",\"url\":\"https:\/\/www.percorsinellevallidelbenvivere.it\/\",\"logo\":{\"@type\":\"ImageObject\",\"inLanguage\":\"en-GB\",\"@id\":\"https:\/\/www.percorsinellevallidelbenvivere.it\/#\/schema\/logo\/image\/\",\"url\":\"https:\/\/www.percorsinellevallidelbenvivere.it\/wp-content\/uploads\/2025\/02\/goccedacqua-logo.png\",\"contentUrl\":\"https:\/\/www.percorsinellevallidelbenvivere.it\/wp-content\/uploads\/2025\/02\/goccedacqua-logo.png\",\"width\":600,\"height\":310,\"caption\":\"Gocce d'Acqua\"},\"image\":{\"@id\":\"https:\/\/www.percorsinellevallidelbenvivere.it\/#\/schema\/logo\/image\/\"}}]}<\/script>\n<!-- \/ Yoast SEO plugin. -->","yoast_head_json":{"title":"Percorsi nelle Valli del Ben Vivere - Installazione Artistica","robots":{"index":"index","follow":"follow","max-snippet":"max-snippet:-1","max-image-preview":"max-image-preview:large","max-video-preview":"max-video-preview:-1"},"canonical":"https:\/\/www.percorsinellevallidelbenvivere.it\/en\/","og_locale":"en_GB","og_type":"article","og_title":"Percorsi nelle Valli del Ben Vivere - Installazione Artistica","og_url":"https:\/\/www.percorsinellevallidelbenvivere.it\/en\/","og_site_name":"Percorsi nelle Valli del Ben Vivere","article_modified_time":"2025-09-02T13:14:31+00:00","twitter_card":"summary_large_image","twitter_misc":{"Estimated reading time":"2 minutes"},"schema":{"@context":"https:\/\/schema.org","@graph":[{"@type":"WebPage","@id":"https:\/\/www.percorsinellevallidelbenvivere.it\/","url":"https:\/\/www.percorsinellevallidelbenvivere.it\/","name":"Percorsi nelle Valli del Ben Vivere - Installazione Artistica","isPartOf":{"@id":"https:\/\/www.percorsinellevallidelbenvivere.it\/#website"},"datePublished":"2025-03-28T09:00:02+00:00","dateModified":"2025-09-02T13:14:31+00:00","breadcrumb":{"@id":"https:\/\/www.percorsinellevallidelbenvivere.it\/#breadcrumb"},"inLanguage":"en-GB","potentialAction":[{"@type":"ReadAction","target":["https:\/\/www.percorsinellevallidelbenvivere.it\/"]}]},{"@type":"BreadcrumbList","@id":"https:\/\/www.percorsinellevallidelbenvivere.it\/#breadcrumb","itemListElement":[{"@type":"ListItem","position":1,"name":"Home","item":"https:\/\/www.percorsinellevallidelbenvivere.it\/"},{"@type":"ListItem","position":2,"name":"Home"}]},{"@type":"WebSite","@id":"https:\/\/www.percorsinellevallidelbenvivere.it\/#website","url":"https:\/\/www.percorsinellevallidelbenvivere.it\/","name":"Gocce d'Acqua","description":"","publisher":{"@id":"https:\/\/www.percorsinellevallidelbenvivere.it\/#organization"},"potentialAction":[{"@type":"SearchAction","target":{"@type":"EntryPoint","urlTemplate":"https:\/\/www.percorsinellevallidelbenvivere.it\/?s={search_term_string}"},"query-input":{"@type":"PropertyValueSpecification","valueRequired":true,"valueName":"search_term_string"}}],"inLanguage":"en-GB"},{"@type":"Organization","@id":"https:\/\/www.percorsinellevallidelbenvivere.it\/#organization","name":"Gocce d'Acqua","url":"https:\/\/www.percorsinellevallidelbenvivere.it\/","logo":{"@type":"ImageObject","inLanguage":"en-GB","@id":"https:\/\/www.percorsinellevallidelbenvivere.it\/#\/schema\/logo\/image\/","url":"https:\/\/www.percorsinellevallidelbenvivere.it\/wp-content\/uploads\/2025\/02\/goccedacqua-logo.png","contentUrl":"https:\/\/www.percorsinellevallidelbenvivere.it\/wp-content\/uploads\/2025\/02\/goccedacqua-logo.png","width":600,"height":310,"caption":"Gocce d'Acqua"},"image":{"@id":"https:\/\/www.percorsinellevallidelbenvivere.it\/#\/schema\/logo\/image\/"}}]}},"_links":{"self":[{"href":"https:\/\/www.percorsinellevallidelbenvivere.it\/en\/wp-json\/wp\/v2\/pages\/210","targetHints":{"allow":["GET"]}}],"collection":[{"href":"https:\/\/www.percorsinellevallidelbenvivere.it\/en\/wp-json\/wp\/v2\/pages"}],"about":[{"href":"https:\/\/www.percorsinellevallidelbenvivere.it\/en\/wp-json\/wp\/v2\/types\/page"}],"author":[{"embeddable":true,"href":"https:\/\/www.percorsinellevallidelbenvivere.it\/en\/wp-json\/wp\/v2\/users\/1"}],"replies":[{"embeddable":true,"href":"https:\/\/www.percorsinellevallidelbenvivere.it\/en\/wp-json\/wp\/v2\/comments?post=210"}],"version-history":[{"count":230,"href":"https:\/\/www.percorsinellevallidelbenvivere.it\/en\/wp-json\/wp\/v2\/pages\/210\/revisions"}],"predecessor-version":[{"id":4717,"href":"https:\/\/www.percorsinellevallidelbenvivere.it\/en\/wp-json\/wp\/v2\/pages\/210\/revisions\/4717"}],"wp:attachment":[{"href":"https:\/\/www.percorsinellevallidelbenvivere.it\/en\/wp-json\/wp\/v2\/media?parent=210"}],"curies":[{"name":"wp","href":"https:\/\/api.w.org\/{rel}","templated":true}]}}