{"id":3405,"date":"2025-05-16T10:00:04","date_gmt":"2025-05-16T08:00:04","guid":{"rendered":"https:\/\/www.percorsinellevallidelbenvivere.it\/?page_id=3405"},"modified":"2025-09-02T14:05:11","modified_gmt":"2025-09-02T12:05:11","slug":"il-progetto","status":"publish","type":"page","link":"https:\/\/www.percorsinellevallidelbenvivere.it\/en\/il-progetto\/","title":{"rendered":"The Project"},"content":{"rendered":"<div class=\"wpb-content-wrapper\"><div data-vc-full-width=\"true\" data-vc-full-width-init=\"false\" data-stellar-offset-parent=\"true\"  class=\"vc_row wpb_row vc_row-fluid xtd-background--fixed bg-pos-center-bottom bg-no-repeat content-padding vc_custom_1741268155905 vc_row-has-fill vc_row-o-content-middle vc_row-flex\"><div  class=\"wpb_column vc_column_container vc_col-sm-5\"><div class=\"vc_column-inner\" style=\"\" ><div class=\"wpb_wrapper\">\n\t<div class=\"wpb_text_column wpb_content_element\" >\n\t\t<div class=\"wpb_wrapper\">\n\t\t\t<h2 style=\"text-align: left;\"><small>ITINERARIES IN THE VALLEYS OF GOOD LIVING<\/small><span style=\"font-size: 45pt;\">The Project<\/span><\/h2>\n<p><span style=\"font-size: 13pt;\">The well-being of a region is determined by a series of factors, of which per capita wealth, economic development, and employment opportunities are important but by no means exclusive. Indeed, when poorly managed, they can even be counterproductive. This is what emerges from the report on \"Well-being\" published by the daily newspaper Avvenire, which, in its latest edition, notes how the gap between North and South, specifically regarding \"well-being,\" is progressively narrowing, even highlighting a slight improvement in several provinces in Southern Italy, including Avellino. Demography and family, health, civic engagement, the environment, tourism and culture, personal services, legality and security, employment, economic inclusion, human capital, and hospitality are the indicators considered to determine the results of this analysis. What emerges is a \"traditional\" vision of the good life linked not only to the aforementioned economic aspects, but also to the benefits of a shared lifestyle capable of enhancing humankind's relational nature. A lifestyle that, upon closer inspection, has always characterized the Irpinia Valleys, places where even today glimpses of that rural and peasant world survive, where human relationships, closely linked to the surrounding natural environment, were of paramount importance. Recovering and enhancing this lifestyle, along with the values \u200b\u200bassociated with it, is the primary aim of this project proposal, which focuses on the \"good life\" of the Ufita, Miscano, and Sabato Valleys, making it a model around which to build an attractive tourism offering that not only encourages tourist attraction, but also promotes sharing with visitors the lifestyle of the people who live here.<\/span><\/p>\n\n\t\t<\/div>\n\t<\/div>\n<\/div><\/div><\/div><div  class=\"wpb_column vc_column_container vc_col-sm-6 vc_col-sm-offset-1\"><div class=\"vc_column-inner\" style=\"\" ><div class=\"wpb_wrapper\">\n\t<div class=\"wpb_single_image wpb_content_element vc_align_left  vc_custom_1756814591378  xtd-offset-frame xtd-margin--bottom-3 onclick-link_image\">\n\t\t\n\t\t<figure class=\"wpb_wrapper vc_figure\">\n\t\t\t<a data-rel=\"\" href=\"https:\/\/www.percorsinellevallidelbenvivere.it\/wp-content\/uploads\/2025\/09\/img-il-progetto-717x1024.jpg\" target=\"_self\" class=\"vc_single_image-wrapper xtd-shadow--large-normal  vc_box_border_grey ct-lightbox\"><img loading=\"lazy\" decoding=\"async\" width=\"1200\" height=\"1714\" src=\"https:\/\/www.percorsinellevallidelbenvivere.it\/wp-content\/uploads\/2025\/09\/img-il-progetto.jpg\" class=\"vc_single_image-img attachment-full\" alt=\"\" title=\"img-il-progetto\" \/><\/a>\n\t\t<\/figure>\n\t<\/div>\n<\/div><\/div><\/div><\/div><div class=\"vc_row-full-width vc_clearfix\"><\/div><div data-stellar-offset-parent=\"true\"  class=\"vc_row wpb_row vc_row-fluid content-padding vc_custom_1743170496875\"><div  class=\"wpb_column vc_column_container vc_col-sm-12\"><div class=\"vc_column-inner\" style=\"\" ><div class=\"wpb_wrapper\">\n\t<div class=\"wpb_text_column wpb_content_element\" >\n\t\t<div class=\"wpb_wrapper\">\n\t\t\t<p><span style=\"font-size: 13pt;\">Tradition, folklore, culture, food and wine, spirituality, well-being, nature, and landscape are the elements around which the partner municipalities' tourism offerings will be built, as well as the cornerstones of the \"Well Living\" model of the Irpinia valleys. The \"Paths in the Well Living Valleys\" project, according to its promoters, will therefore be a means to foster sustainable local development that takes into account the importance of enhancing local environmental and economic resources, as well as the socio-cultural aspects of these areas. The ultimate goal is to revitalize the territories of the municipalities in the aforementioned valleys, making them attractive to tourism and external investors, as well as to their own inhabitants, fostering the development and sharing of relationships between residents and visitors. This will be achieved through the implementation of an integrated tourism project, structured into multiple actions designed according to a common format. Activities aimed at promoting local resources (tastings, guided tours, trekking excursions, etc.) will be combined with opportunities for in-depth study (conferences, conversational shows, etc.) and entertainment\/entertainment, thus creating an innovative and attractive offering in various respects and capable of attracting a variety of audiences. Based on the general objectives outlined above, this project proposal aims to achieve the following specific objectives:<\/span><\/p>\n<ul>\n<li><span style=\"font-size: 13pt;\"><strong>Increase the tourist attractiveness of the Ufita, Miscano and Sabato valleys and the municipalities belonging to them, an area with a strong rural character, rich in food and wine production but also in history and traditions<\/strong><\/span><\/li>\n<li><span style=\"font-size: 13pt;\"><strong>Promote the local culture of \"good living\" by making it a model of tourist attraction<\/strong><\/span><\/li>\n<li><span style=\"font-size: 13pt;\"><strong>Promote the adoption of this model by visitors\/tourists<\/strong><\/span><\/li>\n<li><span style=\"font-size: 13pt;\"><strong>Strengthen the socio-economic impulse resulting from tourism trends directed towards internal areas<\/strong><\/span><\/li>\n<li><span style=\"font-size: 13pt;\"><strong>Enhance the cultural, architectural, natural and productive resources present in the area being intervened upon, making them tourist attractions<\/strong><\/span><\/li>\n<li><span style=\"font-size: 13pt;\"><strong>Trigger integrated sustainable development processes between the various economic sectors present in the area: food and wine production, artistic and traditional crafts, and tourism services<\/strong><\/span><\/li>\n<li><span style=\"font-size: 13pt;\"><strong>Promote interaction and collaboration between the public and private sectors<\/strong><\/span><\/li>\n<li><span style=\"font-size: 13pt;\"><strong>Expand the tourism and cultural programming of the municipalities involved by adhering to the Regional Notice<\/strong><br \/>\n<\/span><\/li>\n<\/ul>\n\n\t\t<\/div>\n\t<\/div>\n<\/div><\/div><\/div><\/div>\n<\/div>","protected":false},"excerpt":{"rendered":"PERCORSI NELLE VALLI DEL BEN VIVEREIl Progetto Il ben vivere di un territorio \u00e8 determinato da una serie di fattori, dei quali la ricchezza pro-capite, lo sviluppo economico e le opportunit\u00e0 occupazionali sono una parte importante s\u00ec ma niente affatto esclusiva, che anzi, quando non ben governati, possono persino essere controproducenti. \u00c8 quanto emerge dal rapporto sul Ben Vivere pubblicato [...]","protected":false},"author":1,"featured_media":0,"parent":0,"menu_order":2,"comment_status":"closed","ping_status":"closed","template":"","meta":{"footnotes":""},"class_list":["post-3405","page","type-page","status-publish","hentry"],"yoast_head":"<!-- This site is optimized with the Yoast SEO plugin v25.9 - https:\/\/yoast.com\/wordpress\/plugins\/seo\/ -->\n<title>Il Progetto - Percorsi nelle Valli del Ben Vivere<\/title>\n<meta name=\"robots\" content=\"index, follow, max-snippet:-1, max-image-preview:large, max-video-preview:-1\" \/>\n<link rel=\"canonical\" href=\"https:\/\/www.percorsinellevallidelbenvivere.it\/en\/il-progetto\/\" \/>\n<meta property=\"og:locale\" content=\"en_GB\" \/>\n<meta property=\"og:type\" content=\"article\" \/>\n<meta property=\"og:title\" content=\"Il Progetto - Percorsi nelle Valli del Ben Vivere\" \/>\n<meta property=\"og:url\" content=\"https:\/\/www.percorsinellevallidelbenvivere.it\/en\/il-progetto\/\" \/>\n<meta property=\"og:site_name\" content=\"Percorsi nelle Valli del Ben Vivere\" \/>\n<meta property=\"article:modified_time\" content=\"2025-09-02T12:05:11+00:00\" \/>\n<meta name=\"twitter:card\" content=\"summary_large_image\" \/>\n<meta name=\"twitter:label1\" content=\"Estimated reading time\" \/>\n\t<meta name=\"twitter:data1\" content=\"4 minutes\" \/>\n<script type=\"application\/ld+json\" class=\"yoast-schema-graph\">{\"@context\":\"https:\/\/schema.org\",\"@graph\":[{\"@type\":\"WebPage\",\"@id\":\"https:\/\/www.percorsinellevallidelbenvivere.it\/il-progetto\/\",\"url\":\"https:\/\/www.percorsinellevallidelbenvivere.it\/il-progetto\/\",\"name\":\"Il Progetto - Percorsi nelle Valli del Ben Vivere\",\"isPartOf\":{\"@id\":\"https:\/\/www.percorsinellevallidelbenvivere.it\/#website\"},\"datePublished\":\"2025-05-16T08:00:04+00:00\",\"dateModified\":\"2025-09-02T12:05:11+00:00\",\"breadcrumb\":{\"@id\":\"https:\/\/www.percorsinellevallidelbenvivere.it\/il-progetto\/#breadcrumb\"},\"inLanguage\":\"en-GB\",\"potentialAction\":[{\"@type\":\"ReadAction\",\"target\":[\"https:\/\/www.percorsinellevallidelbenvivere.it\/il-progetto\/\"]}]},{\"@type\":\"BreadcrumbList\",\"@id\":\"https:\/\/www.percorsinellevallidelbenvivere.it\/il-progetto\/#breadcrumb\",\"itemListElement\":[{\"@type\":\"ListItem\",\"position\":1,\"name\":\"Home\",\"item\":\"https:\/\/www.percorsinellevallidelbenvivere.it\/\"},{\"@type\":\"ListItem\",\"position\":2,\"name\":\"Il Progetto\"}]},{\"@type\":\"WebSite\",\"@id\":\"https:\/\/www.percorsinellevallidelbenvivere.it\/#website\",\"url\":\"https:\/\/www.percorsinellevallidelbenvivere.it\/\",\"name\":\"Gocce d'Acqua\",\"description\":\"\",\"publisher\":{\"@id\":\"https:\/\/www.percorsinellevallidelbenvivere.it\/#organization\"},\"potentialAction\":[{\"@type\":\"SearchAction\",\"target\":{\"@type\":\"EntryPoint\",\"urlTemplate\":\"https:\/\/www.percorsinellevallidelbenvivere.it\/?s={search_term_string}\"},\"query-input\":{\"@type\":\"PropertyValueSpecification\",\"valueRequired\":true,\"valueName\":\"search_term_string\"}}],\"inLanguage\":\"en-GB\"},{\"@type\":\"Organization\",\"@id\":\"https:\/\/www.percorsinellevallidelbenvivere.it\/#organization\",\"name\":\"Gocce d'Acqua\",\"url\":\"https:\/\/www.percorsinellevallidelbenvivere.it\/\",\"logo\":{\"@type\":\"ImageObject\",\"inLanguage\":\"en-GB\",\"@id\":\"https:\/\/www.percorsinellevallidelbenvivere.it\/#\/schema\/logo\/image\/\",\"url\":\"https:\/\/www.percorsinellevallidelbenvivere.it\/wp-content\/uploads\/2025\/02\/goccedacqua-logo.png\",\"contentUrl\":\"https:\/\/www.percorsinellevallidelbenvivere.it\/wp-content\/uploads\/2025\/02\/goccedacqua-logo.png\",\"width\":600,\"height\":310,\"caption\":\"Gocce d'Acqua\"},\"image\":{\"@id\":\"https:\/\/www.percorsinellevallidelbenvivere.it\/#\/schema\/logo\/image\/\"}}]}<\/script>\n<!-- \/ Yoast SEO plugin. -->","yoast_head_json":{"title":"Il Progetto - Percorsi nelle Valli del Ben Vivere","robots":{"index":"index","follow":"follow","max-snippet":"max-snippet:-1","max-image-preview":"max-image-preview:large","max-video-preview":"max-video-preview:-1"},"canonical":"https:\/\/www.percorsinellevallidelbenvivere.it\/en\/il-progetto\/","og_locale":"en_GB","og_type":"article","og_title":"Il Progetto - Percorsi nelle Valli del Ben Vivere","og_url":"https:\/\/www.percorsinellevallidelbenvivere.it\/en\/il-progetto\/","og_site_name":"Percorsi nelle Valli del Ben Vivere","article_modified_time":"2025-09-02T12:05:11+00:00","twitter_card":"summary_large_image","twitter_misc":{"Estimated reading time":"4 minutes"},"schema":{"@context":"https:\/\/schema.org","@graph":[{"@type":"WebPage","@id":"https:\/\/www.percorsinellevallidelbenvivere.it\/il-progetto\/","url":"https:\/\/www.percorsinellevallidelbenvivere.it\/il-progetto\/","name":"Il Progetto - Percorsi nelle Valli del Ben Vivere","isPartOf":{"@id":"https:\/\/www.percorsinellevallidelbenvivere.it\/#website"},"datePublished":"2025-05-16T08:00:04+00:00","dateModified":"2025-09-02T12:05:11+00:00","breadcrumb":{"@id":"https:\/\/www.percorsinellevallidelbenvivere.it\/il-progetto\/#breadcrumb"},"inLanguage":"en-GB","potentialAction":[{"@type":"ReadAction","target":["https:\/\/www.percorsinellevallidelbenvivere.it\/il-progetto\/"]}]},{"@type":"BreadcrumbList","@id":"https:\/\/www.percorsinellevallidelbenvivere.it\/il-progetto\/#breadcrumb","itemListElement":[{"@type":"ListItem","position":1,"name":"Home","item":"https:\/\/www.percorsinellevallidelbenvivere.it\/"},{"@type":"ListItem","position":2,"name":"Il Progetto"}]},{"@type":"WebSite","@id":"https:\/\/www.percorsinellevallidelbenvivere.it\/#website","url":"https:\/\/www.percorsinellevallidelbenvivere.it\/","name":"Gocce d'Acqua","description":"","publisher":{"@id":"https:\/\/www.percorsinellevallidelbenvivere.it\/#organization"},"potentialAction":[{"@type":"SearchAction","target":{"@type":"EntryPoint","urlTemplate":"https:\/\/www.percorsinellevallidelbenvivere.it\/?s={search_term_string}"},"query-input":{"@type":"PropertyValueSpecification","valueRequired":true,"valueName":"search_term_string"}}],"inLanguage":"en-GB"},{"@type":"Organization","@id":"https:\/\/www.percorsinellevallidelbenvivere.it\/#organization","name":"Gocce d'Acqua","url":"https:\/\/www.percorsinellevallidelbenvivere.it\/","logo":{"@type":"ImageObject","inLanguage":"en-GB","@id":"https:\/\/www.percorsinellevallidelbenvivere.it\/#\/schema\/logo\/image\/","url":"https:\/\/www.percorsinellevallidelbenvivere.it\/wp-content\/uploads\/2025\/02\/goccedacqua-logo.png","contentUrl":"https:\/\/www.percorsinellevallidelbenvivere.it\/wp-content\/uploads\/2025\/02\/goccedacqua-logo.png","width":600,"height":310,"caption":"Gocce d'Acqua"},"image":{"@id":"https:\/\/www.percorsinellevallidelbenvivere.it\/#\/schema\/logo\/image\/"}}]}},"_links":{"self":[{"href":"https:\/\/www.percorsinellevallidelbenvivere.it\/en\/wp-json\/wp\/v2\/pages\/3405","targetHints":{"allow":["GET"]}}],"collection":[{"href":"https:\/\/www.percorsinellevallidelbenvivere.it\/en\/wp-json\/wp\/v2\/pages"}],"about":[{"href":"https:\/\/www.percorsinellevallidelbenvivere.it\/en\/wp-json\/wp\/v2\/types\/page"}],"author":[{"embeddable":true,"href":"https:\/\/www.percorsinellevallidelbenvivere.it\/en\/wp-json\/wp\/v2\/users\/1"}],"replies":[{"embeddable":true,"href":"https:\/\/www.percorsinellevallidelbenvivere.it\/en\/wp-json\/wp\/v2\/comments?post=3405"}],"version-history":[{"count":29,"href":"https:\/\/www.percorsinellevallidelbenvivere.it\/en\/wp-json\/wp\/v2\/pages\/3405\/revisions"}],"predecessor-version":[{"id":4668,"href":"https:\/\/www.percorsinellevallidelbenvivere.it\/en\/wp-json\/wp\/v2\/pages\/3405\/revisions\/4668"}],"wp:attachment":[{"href":"https:\/\/www.percorsinellevallidelbenvivere.it\/en\/wp-json\/wp\/v2\/media?parent=3405"}],"curies":[{"name":"wp","href":"https:\/\/api.w.org\/{rel}","templated":true}]}}